{"id":1770,"date":"2022-05-24T09:47:51","date_gmt":"2022-05-24T12:47:51","guid":{"rendered":"http:\/\/10.101.10.196\/si\/?page_id=1770"},"modified":"2024-03-13T08:01:36","modified_gmt":"2024-03-13T11:01:36","slug":"actividades","status":"publish","type":"page","link":"https:\/\/si.fica.unsl.edu.ar\/index.php\/actividades\/","title":{"rendered":"Actividades"},"content":{"rendered":"\t\t<div data-elementor-type=\"wp-page\" data-elementor-id=\"1770\" class=\"elementor elementor-1770\">\n\t\t\t\t\t\t<section class=\"elementor-section elementor-top-section elementor-element elementor-element-d4c5123 elementor-section-full_width elementor-section-height-default elementor-section-height-default exad-glass-effect-no exad-sticky-section-no\" data-id=\"d4c5123\" data-element_type=\"section\" data-e-type=\"section\">\n\t\t\t\t\t\t<div class=\"elementor-container elementor-column-gap-no\">\n\t\t\t\t\t<div class=\"elementor-column elementor-col-100 elementor-top-column elementor-element elementor-element-bca4832 exad-glass-effect-no exad-sticky-section-no\" data-id=\"bca4832\" data-element_type=\"column\" data-e-type=\"column\">\n\t\t\t<div class=\"elementor-widget-wrap elementor-element-populated\">\n\t\t\t\t\t\t<div class=\"elementor-element elementor-element-5a60226 exad-sticky-section-no exad-glass-effect-no elementor-widget elementor-widget-eael-fancy-text\" data-id=\"5a60226\" data-element_type=\"widget\" data-e-type=\"widget\" data-widget_type=\"eael-fancy-text.default\">\n\t\t\t\t<div class=\"elementor-widget-container\">\n\t\t\t\t\t\n\t<div  class=\"eael-fancy-text-container style-1\" data-fancy-text-id=\"5a60226\" data-fancy-text=\"|ACTIVIDADES A DESARROLLARSE\" data-fancy-text-transition-type=\"typing\" data-fancy-text-speed=\"50\" data-fancy-text-delay=\"2500\" data-fancy-text-cursor=\"yes\" data-fancy-text-loop=\"yes\" data-fancy-text-action=\"page_load\" >\n\t\t\n\t\t\n\t\t\t\t\t<span id=\"eael-fancy-text-5a60226\" class=\"eael-fancy-text-strings \">\n\t\t\t\t<noscript>\n\t\t\t\t\tACTIVIDADES A DESARROLLARSE\t\t\t\t<\/noscript>\n\t\t\t<\/span>\n\t\t\n\t\t\t<\/div><!-- close .eael-fancy-text-container -->\n\n\t<div class=\"clearfix\"><\/div>\n\n\t\t\t\t\t<\/div>\n\t\t\t\t<\/div>\n\t\t\t\t<section class=\"elementor-section elementor-inner-section elementor-element elementor-element-0110d81 elementor-section-boxed elementor-section-height-default elementor-section-height-default exad-glass-effect-no exad-sticky-section-no\" data-id=\"0110d81\" data-element_type=\"section\" data-e-type=\"section\">\n\t\t\t\t\t\t<div class=\"elementor-container elementor-column-gap-default\">\n\t\t\t\t\t<div class=\"elementor-column elementor-col-50 elementor-inner-column elementor-element elementor-element-1e1fd6c exad-glass-effect-no exad-sticky-section-no\" data-id=\"1e1fd6c\" data-element_type=\"column\" data-e-type=\"column\">\n\t\t\t<div class=\"elementor-widget-wrap elementor-element-populated\">\n\t\t\t\t\t\t<div class=\"exad-link-anything-wrapper elementor-element elementor-element-9241891 exad-sticky-section-no exad-glass-effect-no elementor-widget elementor-widget-exad-flipbox\" data-exad-element-link=\"{&quot;url&quot;:&quot;https:\\\/\\\/si.fica.unsl.edu.ar\\\/index.php\\\/cronograma\\\/&quot;,&quot;is_external&quot;:&quot;&quot;,&quot;nofollow&quot;:&quot;&quot;,&quot;custom_attributes&quot;:&quot;&quot;}\" style=\"cursor: pointer\" data-id=\"9241891\" data-element_type=\"widget\" data-e-type=\"widget\" data-widget_type=\"exad-flipbox.default\">\n\t\t\t\t<div class=\"elementor-widget-container\">\n\t\t\t\t\t\r\n\t\t<div class=\"exad-flip-box\">\r\n\t      \t<div class=\"exad-flip-box-inner left-to-right\">\r\n\t        \t<div class=\"exad-flip-box-front center\">\r\n\t\t\t\t\t<div class=\"exad-flip-box-front-overlay\"><\/div>\r\n\t        \t\t<div class=\"exad-flip-box-front-content\">\r\n\t\t\t\t\t\t\t\t          \t\t<div class=\"exad-flip-box-front-image\">\r\n\t\t\t\t\t\t\t  <i class=\"teenyicon ti-users\"><\/i>\t\t\t        \t\t<\/div>\r\n\t\t\t\t\t\t\t\t\t\t\t\t\r\n\t\t\t\t        <h3 class=\"exad-flip-box-front-title\">\r\n\t\t\t\t\t\t\tCHARLAS ESPEC\u00cdFICAS DE DIVULGACI\u00d3N\t\t\t\t\t\t<\/h3>\r\n\t\t\t\t\t\t\r\n\t\t\t\t\t\t\t\t\t\t\t\t\r\n\t\t\t\t        <div class=\"exad-flip-box-front-description\">\r\n\t\t\t\t\t\tDestinadas a p\u00fablico general.\t\t\t\t\t\t<\/div>\r\n\t\t\t\t\t\t\r\n\t\t\t\t\t\t\t        \t\t<\/div>\r\n\t        \t<\/div>\r\n\r\n\t\t        <div class=\"exad-flip-box-back center\">\r\n\t\t\t\t\t<div class=\"exad-flip-box-back-overlay\"><\/div>\r\n\t\t        \t<div class=\"exad-flip-box-back-content\">\r\n\t\t\t        \t\t\t\t\t\t\r\n\t\t\t\t        <h2 class=\"exad-flip-box-back-title\">\r\n\t\t\t\t\t\t\tCharlas Espec\u00edficas de Divulgaci\u00f3n\t\t\t\t\t\t<\/h2>\r\n\t\t\t\t\t\t\r\n\t\t\t\t\t\t\t\t\t\t\t\t\r\n\t\t\t\t        <div class=\"exad-flip-box-back-description\">\r\n\t\t\t\t\t\t<strong>Lugar:<\/strong> \n<br><br>\n<strong>Destinatarios:<\/strong> p\u00fablico en general\n<br><br>\n<strong>D\u00edas y horarios:<\/strong>(consulte el cronograma)\t\t\t\t\t\t<\/div>\r\n\t\t\t\t\t\t\r\n\t\t\t\t\t\t\t\t\t        <\/div>\r\n\t\t        <\/div>\r\n\t      \t<\/div>\r\n\t    <\/div>\r\n\t\t\t\t\t<\/div>\n\t\t\t\t<\/div>\n\t\t\t\t\t<\/div>\n\t\t<\/div>\n\t\t\t\t<div class=\"elementor-column elementor-col-50 elementor-inner-column elementor-element elementor-element-5b7a0fa exad-glass-effect-no exad-sticky-section-no\" data-id=\"5b7a0fa\" data-element_type=\"column\" data-e-type=\"column\">\n\t\t\t<div class=\"elementor-widget-wrap elementor-element-populated\">\n\t\t\t\t\t\t<div class=\"exad-link-anything-wrapper elementor-element elementor-element-cf1ef20 exad-sticky-section-no exad-glass-effect-no elementor-widget elementor-widget-exad-flipbox\" data-exad-element-link=\"{&quot;url&quot;:&quot;https:\\\/\\\/si.fica.unsl.edu.ar\\\/index.php\\\/cronograma\\\/&quot;,&quot;is_external&quot;:&quot;&quot;,&quot;nofollow&quot;:&quot;&quot;,&quot;custom_attributes&quot;:&quot;&quot;}\" style=\"cursor: pointer\" data-id=\"cf1ef20\" data-element_type=\"widget\" data-e-type=\"widget\" data-widget_type=\"exad-flipbox.default\">\n\t\t\t\t<div class=\"elementor-widget-container\">\n\t\t\t\t\t\r\n\t\t<div class=\"exad-flip-box\">\r\n\t      \t<div class=\"exad-flip-box-inner left-to-right\">\r\n\t        \t<div class=\"exad-flip-box-front center\">\r\n\t\t\t\t\t<div class=\"exad-flip-box-front-overlay\"><\/div>\r\n\t        \t\t<div class=\"exad-flip-box-front-content\">\r\n\t\t\t\t\t\t\t\t          \t\t<div class=\"exad-flip-box-front-image\">\r\n\t\t\t\t\t\t\t  <i class=\"teenyicon ti-user-square\"><\/i>\t\t\t        \t\t<\/div>\r\n\t\t\t\t\t\t\t\t\t\t\t\t\r\n\t\t\t\t        <h3 class=\"exad-flip-box-front-title\">\r\n\t\t\t\t\t\t\tEXPOSICI\u00d3N <br>DE PONENCIAS\t\t\t\t\t\t<\/h3>\r\n\t\t\t\t\t\t\r\n\t\t\t\t\t\t\t\t\t\t\t\t\r\n\t\t\t\t        <div class=\"exad-flip-box-front-description\">\r\n\t\t\t\t\t\tPor parte de docentes investigadores, extensionistas o integrantes de grupos de servicio, tesistas de posgrado o estudiantes avanzados que est\u00e9n realizando su trabajo final.\t\t\t\t\t\t<\/div>\r\n\t\t\t\t\t\t\r\n\t\t\t\t\t\t\t        \t\t<\/div>\r\n\t        \t<\/div>\r\n\r\n\t\t        <div class=\"exad-flip-box-back center\">\r\n\t\t\t\t\t<div class=\"exad-flip-box-back-overlay\"><\/div>\r\n\t\t        \t<div class=\"exad-flip-box-back-content\">\r\n\t\t\t        \t\t\t\t\t\t\r\n\t\t\t\t        <h2 class=\"exad-flip-box-back-title\">\r\n\t\t\t\t\t\t\tExposici\u00f3n de Ponencias \t\t\t\t\t\t<\/h2>\r\n\t\t\t\t\t\t\r\n\t\t\t\t\t\t\t\t\t\t\t\t\r\n\t\t\t\t        <div class=\"exad-flip-box-back-description\">\r\n\t\t\t\t\t\t<strong>Lugar:<\/strong> Campus Universitario\n<br><br>\n<strong>Destinatarios:<\/strong> estudiantes, docentes y p\u00fablico en general\n<br><br>\n<strong>D\u00edas y horarios:<\/strong>(consulte el cronograma)\t\t\t\t\t\t<\/div>\r\n\t\t\t\t\t\t\r\n\t\t\t\t\t\t\t\t\t        <\/div>\r\n\t\t        <\/div>\r\n\t      \t<\/div>\r\n\t    <\/div>\r\n\t\t\t\t\t<\/div>\n\t\t\t\t<\/div>\n\t\t\t\t\t<\/div>\n\t\t<\/div>\n\t\t\t\t\t<\/div>\n\t\t<\/section>\n\t\t\t\t<section class=\"elementor-section elementor-inner-section elementor-element elementor-element-635e5ed elementor-section-boxed elementor-section-height-default elementor-section-height-default exad-glass-effect-no exad-sticky-section-no\" data-id=\"635e5ed\" data-element_type=\"section\" data-e-type=\"section\">\n\t\t\t\t\t\t<div class=\"elementor-container elementor-column-gap-default\">\n\t\t\t\t\t<div class=\"elementor-column elementor-col-50 elementor-inner-column elementor-element elementor-element-ecda9ae exad-glass-effect-no exad-sticky-section-no\" data-id=\"ecda9ae\" data-element_type=\"column\" data-e-type=\"column\">\n\t\t\t<div class=\"elementor-widget-wrap elementor-element-populated\">\n\t\t\t\t\t\t<div class=\"exad-link-anything-wrapper elementor-element elementor-element-f96af4e exad-sticky-section-no exad-glass-effect-no elementor-widget elementor-widget-exad-flipbox\" data-exad-element-link=\"{&quot;url&quot;:&quot;http:\\\/\\\/identi.fica.unsl.edu.ar\\\/&quot;,&quot;is_external&quot;:&quot;&quot;,&quot;nofollow&quot;:&quot;&quot;,&quot;custom_attributes&quot;:&quot;&quot;}\" style=\"cursor: pointer\" data-id=\"f96af4e\" data-element_type=\"widget\" data-e-type=\"widget\" data-widget_type=\"exad-flipbox.default\">\n\t\t\t\t<div class=\"elementor-widget-container\">\n\t\t\t\t\t\r\n\t\t<div class=\"exad-flip-box\">\r\n\t      \t<div class=\"exad-flip-box-inner left-to-right\">\r\n\t        \t<div class=\"exad-flip-box-front center\">\r\n\t\t\t\t\t<div class=\"exad-flip-box-front-overlay\"><\/div>\r\n\t        \t\t<div class=\"exad-flip-box-front-content\">\r\n\t\t\t\t\t\t\t\t          \t\t<div class=\"exad-flip-box-front-image\">\r\n\t\t\t\t\t\t\t  <i class=\"teenyicon ti-book\"><\/i>\t\t\t        \t\t<\/div>\r\n\t\t\t\t\t\t\t\t\t\t\t\t\r\n\t\t\t\t        <h3 class=\"exad-flip-box-front-title\">\r\n\t\t\t\t\t\t\tEDICI\u00d3N DE LA REVISTA IdentiFICA\t\t\t\t\t\t<\/h3>\r\n\t\t\t\t\t\t\r\n\t\t\t\t\t\t\t\t\t\t\t\t\r\n\t\t\t\t        <div class=\"exad-flip-box-front-description\">\r\n\t\t\t\t\t\tUna revista anual de divulgaci\u00f3n sobre las diferentes tareas y actividades desarrolladas en el \u00e1mbito de nuestra facultad\t\t\t\t\t\t<\/div>\r\n\t\t\t\t\t\t\r\n\t\t\t\t\t\t\t        \t\t<\/div>\r\n\t        \t<\/div>\r\n\r\n\t\t        <div class=\"exad-flip-box-back center\">\r\n\t\t\t\t\t<div class=\"exad-flip-box-back-overlay\"><\/div>\r\n\t\t        \t<div class=\"exad-flip-box-back-content\">\r\n\t\t\t        \t\t\t\t\t\t\r\n\t\t\t\t        <h2 class=\"exad-flip-box-back-title\">\r\n\t\t\t\t\t\t\tEdici\u00f3n de la Revista IdentiFICA\t\t\t\t\t\t<\/h2>\r\n\t\t\t\t\t\t\r\n\t\t\t\t\t\t\t\t\t\t\t\t\r\n\t\t\t\t        <div class=\"exad-flip-box-back-description\">\r\n\t\t\t\t\t\t\nLas ponencias presentadas por docentes y estudiantes, aprobadas por un comit\u00e9 evaluador formar\u00e1n parte del 2\u00ba n\u00famero de esta revista. Una revista anual de divulgaci\u00f3n sobre las diferentes tareas y actividades desarrolladas en el \u00e1mbito de nuestra facultad, y que pretende establecer, demostrar y reconocer nuestra identidad.\t\t\t\t\t\t<\/div>\r\n\t\t\t\t\t\t\r\n\t\t\t\t\t\t\t\t\t        <\/div>\r\n\t\t        <\/div>\r\n\t      \t<\/div>\r\n\t    <\/div>\r\n\t\t\t\t\t<\/div>\n\t\t\t\t<\/div>\n\t\t\t\t\t<\/div>\n\t\t<\/div>\n\t\t\t\t<div class=\"elementor-column elementor-col-50 elementor-inner-column elementor-element elementor-element-9fa5fb1 exad-glass-effect-no exad-sticky-section-no\" data-id=\"9fa5fb1\" data-element_type=\"column\" data-e-type=\"column\">\n\t\t\t<div class=\"elementor-widget-wrap elementor-element-populated\">\n\t\t\t\t\t\t<div class=\"exad-link-anything-wrapper elementor-element elementor-element-d10b456 exad-sticky-section-no exad-glass-effect-no elementor-widget elementor-widget-exad-flipbox\" data-exad-element-link=\"{&quot;url&quot;:&quot;http:\\\/\\\/www1.fica.unsl.edu.ar\\\/cvg\\\/&quot;,&quot;is_external&quot;:&quot;&quot;,&quot;nofollow&quot;:&quot;&quot;,&quot;custom_attributes&quot;:&quot;&quot;}\" style=\"cursor: pointer\" data-id=\"d10b456\" data-element_type=\"widget\" data-e-type=\"widget\" data-widget_type=\"exad-flipbox.default\">\n\t\t\t\t<div class=\"elementor-widget-container\">\n\t\t\t\t\t\r\n\t\t<div class=\"exad-flip-box\">\r\n\t      \t<div class=\"exad-flip-box-inner left-to-right\">\r\n\t        \t<div class=\"exad-flip-box-front center\">\r\n\t\t\t\t\t<div class=\"exad-flip-box-front-overlay\"><\/div>\r\n\t        \t\t<div class=\"exad-flip-box-front-content\">\r\n\t\t\t\t\t\t\t\t          \t\t<div class=\"exad-flip-box-front-image\">\r\n\t\t\t\t\t\t\t  <i class=\"fas fa-graduation-cap\"><\/i>\t\t\t        \t\t<\/div>\r\n\t\t\t\t\t\t\t\t\t\t\t\t\r\n\t\t\t\t        <h3 class=\"exad-flip-box-front-title\">\r\n\t\t\t\t\t\t\tENCUENTRO DE GRADUADOS <strong>FICA<\/strong>\t\t\t\t\t\t<\/h3>\r\n\t\t\t\t\t\t\r\n\t\t\t\t\t\t\t\t\t\t\t\t\r\n\t\t\t\t        <div class=\"exad-flip-box-front-description\">\r\n\t\t\t\t\t\tUn encuentro de intercambio de opiniones con el claustro graduados.\t\t\t\t\t\t<\/div>\r\n\t\t\t\t\t\t\r\n\t\t\t\t\t\t\t        \t\t<\/div>\r\n\t        \t<\/div>\r\n\r\n\t\t        <div class=\"exad-flip-box-back center\">\r\n\t\t\t\t\t<div class=\"exad-flip-box-back-overlay\"><\/div>\r\n\t\t        \t<div class=\"exad-flip-box-back-content\">\r\n\t\t\t        \t\t\t\t\t\t\r\n\t\t\t\t        <h2 class=\"exad-flip-box-back-title\">\r\n\t\t\t\t\t\t\tEncuentro de Graduados\t\t\t\t\t\t<\/h2>\r\n\t\t\t\t\t\t\r\n\t\t\t\t\t\t\t\t\t\t\t\t\r\n\t\t\t\t        <div class=\"exad-flip-box-back-description\">\r\n\t\t\t\t\t\tUn encuentro de intercambio de opiniones con el claustro graduados.\n<strong>Lugar:<\/strong> Campus Universitario\n<br><br>\n<strong>Destinatarios:<\/strong> graduados de nuestras carreras\n<br><br>\n<strong><\/strong>Campus Universitario\t\t\t\t\t\t<\/div>\r\n\t\t\t\t\t\t\r\n\t\t\t\t\t\t\t\t\t        <\/div>\r\n\t\t        <\/div>\r\n\t      \t<\/div>\r\n\t    <\/div>\r\n\t\t\t\t\t<\/div>\n\t\t\t\t<\/div>\n\t\t\t\t\t<\/div>\n\t\t<\/div>\n\t\t\t\t\t<\/div>\n\t\t<\/section>\n\t\t\t\t\t<\/div>\n\t\t<\/div>\n\t\t\t\t\t<\/div>\n\t\t<\/section>\n\t\t\t\t<\/div>\n\t\t","protected":false},"excerpt":{"rendered":"<p>ACTIVIDADES A DESARROLLARSE CHARLAS ESPEC\u00cdFICAS DE DIVULGACI\u00d3N Destinadas a p\u00fablico general. Charlas Espec\u00edficas de Divulgaci\u00f3n Lugar: Destinatarios: p\u00fablico en general D\u00edas y horarios:(consulte el cronograma)&hellip;<\/p>\n","protected":false},"author":5,"featured_media":0,"parent":0,"menu_order":0,"comment_status":"closed","ping_status":"closed","template":"elementor_header_footer","meta":{"_monsterinsights_skip_tracking":false,"_monsterinsights_sitenote_active":false,"_monsterinsights_sitenote_note":"","_monsterinsights_sitenote_category":0,"footnotes":""},"class_list":["post-1770","page","type-page","status-publish","hentry"],"yoast_head":"<!-- This site is optimized with the Yoast SEO plugin v27.3 - https:\/\/yoast.com\/product\/yoast-seo-wordpress\/ -->\n<title>Actividades - Semana de la Ingenier\u00eda - Semana FICA<\/title>\n<meta name=\"robots\" content=\"index, follow, max-snippet:-1, max-image-preview:large, max-video-preview:-1\" \/>\n<link rel=\"canonical\" href=\"https:\/\/si.fica.unsl.edu.ar\/index.php\/actividades\/\" \/>\n<meta property=\"og:locale\" content=\"es_ES\" \/>\n<meta property=\"og:type\" content=\"article\" \/>\n<meta property=\"og:title\" content=\"Actividades - Semana de la Ingenier\u00eda - Semana FICA\" \/>\n<meta property=\"og:description\" content=\"ACTIVIDADES A DESARROLLARSE CHARLAS ESPEC\u00cdFICAS DE DIVULGACI\u00d3N Destinadas a p\u00fablico general. Charlas Espec\u00edficas de Divulgaci\u00f3n Lugar: Destinatarios: p\u00fablico en general D\u00edas y horarios:(consulte el cronograma)&hellip;\" \/>\n<meta property=\"og:url\" content=\"https:\/\/si.fica.unsl.edu.ar\/index.php\/actividades\/\" \/>\n<meta property=\"og:site_name\" content=\"Semana de la Ingenier\u00eda - Semana FICA\" \/>\n<meta property=\"article:modified_time\" content=\"2024-03-13T11:01:36+00:00\" \/>\n<meta name=\"twitter:card\" content=\"summary_large_image\" \/>\n<meta name=\"twitter:label1\" content=\"Tiempo de lectura\" \/>\n\t<meta name=\"twitter:data1\" content=\"1 minuto\" \/>\n<script type=\"application\/ld+json\" class=\"yoast-schema-graph\">{\"@context\":\"https:\\\/\\\/schema.org\",\"@graph\":[{\"@type\":\"WebPage\",\"@id\":\"https:\\\/\\\/si.fica.unsl.edu.ar\\\/index.php\\\/actividades\\\/\",\"url\":\"https:\\\/\\\/si.fica.unsl.edu.ar\\\/index.php\\\/actividades\\\/\",\"name\":\"Actividades - Semana de la Ingenier\u00eda - Semana FICA\",\"isPartOf\":{\"@id\":\"https:\\\/\\\/si.fica.unsl.edu.ar\\\/#website\"},\"datePublished\":\"2022-05-24T12:47:51+00:00\",\"dateModified\":\"2024-03-13T11:01:36+00:00\",\"breadcrumb\":{\"@id\":\"https:\\\/\\\/si.fica.unsl.edu.ar\\\/index.php\\\/actividades\\\/#breadcrumb\"},\"inLanguage\":\"es-AR\",\"potentialAction\":[{\"@type\":\"ReadAction\",\"target\":[\"https:\\\/\\\/si.fica.unsl.edu.ar\\\/index.php\\\/actividades\\\/\"]}]},{\"@type\":\"BreadcrumbList\",\"@id\":\"https:\\\/\\\/si.fica.unsl.edu.ar\\\/index.php\\\/actividades\\\/#breadcrumb\",\"itemListElement\":[{\"@type\":\"ListItem\",\"position\":1,\"name\":\"Inicio\",\"item\":\"https:\\\/\\\/si.fica.unsl.edu.ar\\\/\"},{\"@type\":\"ListItem\",\"position\":2,\"name\":\"Actividades\"}]},{\"@type\":\"WebSite\",\"@id\":\"https:\\\/\\\/si.fica.unsl.edu.ar\\\/#website\",\"url\":\"https:\\\/\\\/si.fica.unsl.edu.ar\\\/\",\"name\":\"Semana de la Ingenier\u00eda - Semana FICA\",\"description\":\"\",\"publisher\":{\"@id\":\"https:\\\/\\\/si.fica.unsl.edu.ar\\\/#organization\"},\"potentialAction\":[{\"@type\":\"SearchAction\",\"target\":{\"@type\":\"EntryPoint\",\"urlTemplate\":\"https:\\\/\\\/si.fica.unsl.edu.ar\\\/?s={search_term_string}\"},\"query-input\":{\"@type\":\"PropertyValueSpecification\",\"valueRequired\":true,\"valueName\":\"search_term_string\"}}],\"inLanguage\":\"es-AR\"},{\"@type\":\"Organization\",\"@id\":\"https:\\\/\\\/si.fica.unsl.edu.ar\\\/#organization\",\"name\":\"SAC- Secretar\u00eda Acad\u00e9mica FICA\",\"url\":\"https:\\\/\\\/si.fica.unsl.edu.ar\\\/\",\"logo\":{\"@type\":\"ImageObject\",\"inLanguage\":\"es-AR\",\"@id\":\"https:\\\/\\\/si.fica.unsl.edu.ar\\\/#\\\/schema\\\/logo\\\/image\\\/\",\"url\":\"https:\\\/\\\/si.fica.unsl.edu.ar\\\/wp-content\\\/uploads\\\/2020\\\/11\\\/SAC.png\",\"contentUrl\":\"https:\\\/\\\/si.fica.unsl.edu.ar\\\/wp-content\\\/uploads\\\/2020\\\/11\\\/SAC.png\",\"width\":4484,\"height\":1231,\"caption\":\"SAC- Secretar\u00eda Acad\u00e9mica FICA\"},\"image\":{\"@id\":\"https:\\\/\\\/si.fica.unsl.edu.ar\\\/#\\\/schema\\\/logo\\\/image\\\/\"}}]}<\/script>\n<!-- \/ Yoast SEO plugin. -->","yoast_head_json":{"title":"Actividades - Semana de la Ingenier\u00eda - Semana FICA","robots":{"index":"index","follow":"follow","max-snippet":"max-snippet:-1","max-image-preview":"max-image-preview:large","max-video-preview":"max-video-preview:-1"},"canonical":"https:\/\/si.fica.unsl.edu.ar\/index.php\/actividades\/","og_locale":"es_ES","og_type":"article","og_title":"Actividades - Semana de la Ingenier\u00eda - Semana FICA","og_description":"ACTIVIDADES A DESARROLLARSE CHARLAS ESPEC\u00cdFICAS DE DIVULGACI\u00d3N Destinadas a p\u00fablico general. Charlas Espec\u00edficas de Divulgaci\u00f3n Lugar: Destinatarios: p\u00fablico en general D\u00edas y horarios:(consulte el cronograma)&hellip;","og_url":"https:\/\/si.fica.unsl.edu.ar\/index.php\/actividades\/","og_site_name":"Semana de la Ingenier\u00eda - Semana FICA","article_modified_time":"2024-03-13T11:01:36+00:00","twitter_card":"summary_large_image","twitter_misc":{"Tiempo de lectura":"1 minuto"},"schema":{"@context":"https:\/\/schema.org","@graph":[{"@type":"WebPage","@id":"https:\/\/si.fica.unsl.edu.ar\/index.php\/actividades\/","url":"https:\/\/si.fica.unsl.edu.ar\/index.php\/actividades\/","name":"Actividades - Semana de la Ingenier\u00eda - Semana FICA","isPartOf":{"@id":"https:\/\/si.fica.unsl.edu.ar\/#website"},"datePublished":"2022-05-24T12:47:51+00:00","dateModified":"2024-03-13T11:01:36+00:00","breadcrumb":{"@id":"https:\/\/si.fica.unsl.edu.ar\/index.php\/actividades\/#breadcrumb"},"inLanguage":"es-AR","potentialAction":[{"@type":"ReadAction","target":["https:\/\/si.fica.unsl.edu.ar\/index.php\/actividades\/"]}]},{"@type":"BreadcrumbList","@id":"https:\/\/si.fica.unsl.edu.ar\/index.php\/actividades\/#breadcrumb","itemListElement":[{"@type":"ListItem","position":1,"name":"Inicio","item":"https:\/\/si.fica.unsl.edu.ar\/"},{"@type":"ListItem","position":2,"name":"Actividades"}]},{"@type":"WebSite","@id":"https:\/\/si.fica.unsl.edu.ar\/#website","url":"https:\/\/si.fica.unsl.edu.ar\/","name":"Semana de la Ingenier\u00eda - Semana FICA","description":"","publisher":{"@id":"https:\/\/si.fica.unsl.edu.ar\/#organization"},"potentialAction":[{"@type":"SearchAction","target":{"@type":"EntryPoint","urlTemplate":"https:\/\/si.fica.unsl.edu.ar\/?s={search_term_string}"},"query-input":{"@type":"PropertyValueSpecification","valueRequired":true,"valueName":"search_term_string"}}],"inLanguage":"es-AR"},{"@type":"Organization","@id":"https:\/\/si.fica.unsl.edu.ar\/#organization","name":"SAC- Secretar\u00eda Acad\u00e9mica FICA","url":"https:\/\/si.fica.unsl.edu.ar\/","logo":{"@type":"ImageObject","inLanguage":"es-AR","@id":"https:\/\/si.fica.unsl.edu.ar\/#\/schema\/logo\/image\/","url":"https:\/\/si.fica.unsl.edu.ar\/wp-content\/uploads\/2020\/11\/SAC.png","contentUrl":"https:\/\/si.fica.unsl.edu.ar\/wp-content\/uploads\/2020\/11\/SAC.png","width":4484,"height":1231,"caption":"SAC- Secretar\u00eda Acad\u00e9mica FICA"},"image":{"@id":"https:\/\/si.fica.unsl.edu.ar\/#\/schema\/logo\/image\/"}}]}},"_links":{"self":[{"href":"https:\/\/si.fica.unsl.edu.ar\/index.php\/wp-json\/wp\/v2\/pages\/1770","targetHints":{"allow":["GET"]}}],"collection":[{"href":"https:\/\/si.fica.unsl.edu.ar\/index.php\/wp-json\/wp\/v2\/pages"}],"about":[{"href":"https:\/\/si.fica.unsl.edu.ar\/index.php\/wp-json\/wp\/v2\/types\/page"}],"author":[{"embeddable":true,"href":"https:\/\/si.fica.unsl.edu.ar\/index.php\/wp-json\/wp\/v2\/users\/5"}],"replies":[{"embeddable":true,"href":"https:\/\/si.fica.unsl.edu.ar\/index.php\/wp-json\/wp\/v2\/comments?post=1770"}],"version-history":[{"count":22,"href":"https:\/\/si.fica.unsl.edu.ar\/index.php\/wp-json\/wp\/v2\/pages\/1770\/revisions"}],"predecessor-version":[{"id":3245,"href":"https:\/\/si.fica.unsl.edu.ar\/index.php\/wp-json\/wp\/v2\/pages\/1770\/revisions\/3245"}],"wp:attachment":[{"href":"https:\/\/si.fica.unsl.edu.ar\/index.php\/wp-json\/wp\/v2\/media?parent=1770"}],"curies":[{"name":"wp","href":"https:\/\/api.w.org\/{rel}","templated":true}]}}